{"id":54,"date":"2026-01-28T15:25:25","date_gmt":"2026-01-28T15:25:25","guid":{"rendered":"https:\/\/adquieresoat.com.co\/?page_id=54"},"modified":"2026-02-14T22:21:58","modified_gmt":"2026-02-14T22:21:58","slug":"home","status":"publish","type":"page","link":"https:\/\/adquieresoat.com.co\/","title":{"rendered":"Bienvenido a Adquiere SOAT"},"content":{"rendered":"\n\n\n\n\n\n\n<h6 [object NamedNodeMap]>                      Acerca de nosotros<\/h6>\n\n\n\n<h2>        <\/h2>\n\n\n\nseguro obligatorio que cubre los da\u00f1os corporales causados a las personas (conductores, pasajeros o peatones) en accidentes de tr\u00e1nsito. Ampara gastos m\u00e9dicos, quir\u00fargicos, farmac\u00e9uticos, hospitalarios, incapacidad permanente, muerte y gastos funerarios, adem\u00e1s de transporte al centro de salud, con topes definidos en UVT.\n\n\n\nprotege a las v\u00edctimas de accidentes de tr\u00e1nsito con topes m\u00e1ximos por persona: hasta 701 UVT en gastos m\u00e9dicos, 180 SMLDV por incapacidad permanente, 750 SMLDV por muerte y gastos funerarios, y 8.77 UVT para transporte, seg\u00fan la&nbsp;normativa vigente de la Superintendencia Financiera\n\n\n\n\n\n\n\n\n\n\n\n\n\n\n\n\n\n\n\n\n\n\n\n\n\n\n\n\n\n\n\n\n\nConoce mas sobre nosotros\n\n\n\n<h1>Nuestros Servicios<br>Complementa tu SEGURO<br>Un SOAT con beneficios adicionales solo para los amigos.<br>Desde $19.900* anuales podr\u00e1s adquirir una P\u00f3liza de Accidentes Personales que te brindar\u00e1 cobertura para:<\/h1>\n\n\n\n\n\n<p><font dir=\"auto\" style=\"vertical-align: inherit;\"><font dir=\"auto\" style=\"vertical-align: inherit;\">Obtuvimos seguros de vida que bLa cobertura de <strong>Rotura de vidrios laterales y pel\u00edcula de seguridad<\/strong> es una protecci\u00f3n adicional dentro del seguro automotriz que cubre los da\u00f1os o roturas que afecten los cristales laterales del veh\u00edculo y la pel\u00edcula de seguridad (polarizado o l\u00e1mina antivand\u00e1lica) instalada sobre ellos.rindan tranquilidad y seguridad a tus seres queridos, asegurando su bienestar financiero en caso de imprevistos.<\/font><\/font><\/p>\n\n\n\n\n\n<p><font dir=\"auto\" style=\"vertical-align: inherit;\"><font dir=\"auto\" style=\"vertical-align: inherit;\">La cobertura de <strong>Reposici\u00f3n de farolas delanteras y stops traseros<\/strong> es un amparo adicional dentro del seguro de autom\u00f3vil que protege al asegurado frente a da\u00f1os o roturas que afecten los sistemas de iluminaci\u00f3n exterior del veh\u00edculo.<\/font><\/font><\/p>\n\n\n\n\n\n<p><font dir=\"auto\" style=\"vertical-align: inherit;\"><font dir=\"auto\" style=\"vertical-align: inherit;\">(en caso de fallecimiento)<\/font><\/font><\/p>\n\n\n\n\n\n\n\n\n\n\n\n<h2><font dir=\"auto\" style=\"vertical-align: inherit;\"><font dir=\"auto\" style=\"vertical-align: inherit;\">Pensando en tu seguridad, creamos la forma m\u00e1s r\u00e1pida, f\u00e1cil y seg<\/font><\/font>ura <\/h2>\n\n\n\n\n\n\n\n\n\n\n\n\n\n<h2><font dir=\"auto\" style=\"vertical-align: inherit;\"><font dir=\"auto\" style=\"vertical-align: inherit;\">Nuestros procesos son simples y efectivos, dise\u00f1ados para hacerte la vida m\u00e1s f\u00e1cil desde el primer contacto<\/font><\/font><\/h2>\n\n\n\n<p>Lo que nos distingue como aseguradora de confianza.<\/p>\n\n\n\nbienvenido a seguros colombia\n\n\n\nun asesor se pondra en contacto\n\n\n\n\n\n\n\n\n\n\n\n\n<p>Conoce nuestro portafolio de seguros y c\u00f3mo hemos ayudado a nuestros clientes a proteger lo que m\u00e1s valoran.<\/p>\n\n\n\n<div class=\"wp-block-group\"><div class=\"wp-block-group__inner-container is-layout-constrained wp-block-group-is-layout-constrained\"><\/div><\/div>\n\n\n\n\n\n\n<h6 [object NamedNodeMap]><font dir=\"auto\" style=\"vertical-align: inherit;\"><font dir=\"auto\" style=\"vertical-align: inherit;\">Conoce nuestro portafolio de seguros y c\u00f3mo hemos ayudado a nuestros clientes a proteger lo que m\u00e1s valoran<\/font><\/font><\/h6>\n\n\n\n\n\n<p><\/p>\n","protected":false},"excerpt":{"rendered":"","protected":false},"author":1,"featured_media":0,"parent":0,"menu_order":0,"comment_status":"closed","ping_status":"closed","template":"","meta":{"pagelayer_contact_templates":[],"_pagelayer_content":"","_joinchat":[],"footnotes":""},"class_list":["post-54","page","type-page","status-publish","hentry"],"_links":{"self":[{"href":"https:\/\/adquieresoat.com.co\/index.php?rest_route=\/wp\/v2\/pages\/54","targetHints":{"allow":["GET"]}}],"collection":[{"href":"https:\/\/adquieresoat.com.co\/index.php?rest_route=\/wp\/v2\/pages"}],"about":[{"href":"https:\/\/adquieresoat.com.co\/index.php?rest_route=\/wp\/v2\/types\/page"}],"author":[{"embeddable":true,"href":"https:\/\/adquieresoat.com.co\/index.php?rest_route=\/wp\/v2\/users\/1"}],"replies":[{"embeddable":true,"href":"https:\/\/adquieresoat.com.co\/index.php?rest_route=%2Fwp%2Fv2%2Fcomments&post=54"}],"version-history":[{"count":20,"href":"https:\/\/adquieresoat.com.co\/index.php?rest_route=\/wp\/v2\/pages\/54\/revisions"}],"predecessor-version":[{"id":122,"href":"https:\/\/adquieresoat.com.co\/index.php?rest_route=\/wp\/v2\/pages\/54\/revisions\/122"}],"wp:attachment":[{"href":"https:\/\/adquieresoat.com.co\/index.php?rest_route=%2Fwp%2Fv2%2Fmedia&parent=54"}],"curies":[{"name":"wp","href":"https:\/\/api.w.org\/{rel}","templated":true}]}}